{"id":431,"date":"2024-10-09T21:34:13","date_gmt":"2024-10-09T21:34:13","guid":{"rendered":"https:\/\/fundacionalco.org\/iniciaenalco\/?page_id=431"},"modified":"2025-09-03T15:05:36","modified_gmt":"2025-09-03T18:05:36","slug":"conocenos","status":"publish","type":"page","link":"https:\/\/fundacionalco.org\/iniciaenalco\/conocenos\/","title":{"rendered":"Conocenos"},"content":{"rendered":"\n<div class=\"wp-block-group alignfull has-mono-4-background-color has-background has-global-padding is-layout-constrained wp-container-core-group-is-layout-129f6e7c wp-block-group-is-layout-constrained\" style=\"margin-top:0;margin-bottom:0;padding-top:var(--wp--preset--spacing--superbspacing-large);padding-right:var(--wp--preset--spacing--superbspacing-small);padding-bottom:var(--wp--preset--spacing--superbspacing-large);padding-left:var(--wp--preset--spacing--superbspacing-small)\">\n<div class=\"wp-block-columns alignwide is-layout-flex wp-container-core-columns-is-layout-25593187 wp-block-columns-is-layout-flex\">\n<div class=\"wp-block-column is-vertically-aligned-center is-layout-flow wp-container-core-column-is-layout-40a2a7e8 wp-block-column-is-layout-flow\" style=\"padding-right:0;padding-bottom:0;padding-left:0\">\n<figure class=\"wp-block-image size-large has-custom-border\"><img loading=\"lazy\" decoding=\"async\" width=\"1024\" height=\"693\" src=\"https:\/\/fundacionalco.org\/iniciaenalco\/wp-content\/uploads\/2024\/10\/doc3-1024x693.jpg\" alt=\"\" class=\"wp-image-153\" style=\"border-radius:8px\" srcset=\"https:\/\/fundacionalco.org\/iniciaenalco\/wp-content\/uploads\/2024\/10\/doc3-1024x693.jpg 1024w, https:\/\/fundacionalco.org\/iniciaenalco\/wp-content\/uploads\/2024\/10\/doc3-300x203.jpg 300w, https:\/\/fundacionalco.org\/iniciaenalco\/wp-content\/uploads\/2024\/10\/doc3-768x520.jpg 768w, https:\/\/fundacionalco.org\/iniciaenalco\/wp-content\/uploads\/2024\/10\/doc3-1536x1040.jpg 1536w, https:\/\/fundacionalco.org\/iniciaenalco\/wp-content\/uploads\/2024\/10\/doc3-2048x1387.jpg 2048w, https:\/\/fundacionalco.org\/iniciaenalco\/wp-content\/uploads\/2024\/10\/doc3-600x406.jpg 600w\" sizes=\"auto, (max-width: 1024px) 100vw, 1024px\" \/><\/figure>\n<\/div>\n\n\n\n<div class=\"wp-block-column is-vertically-aligned-center is-layout-flow wp-container-core-column-is-layout-a1628350 wp-block-column-is-layout-flow\" style=\"padding-top:0;padding-right:0;padding-bottom:0;padding-left:0\">\n<div class=\"wp-block-group is-layout-flow wp-container-core-group-is-layout-ff697075 wp-block-group-is-layout-flow\">\n<h3 class=\"wp-block-heading has-text-align-left has-superbfont-xlarge-font-size\" style=\"line-height:1.2\"><strong>Fundaci\u00f3n ALCO:<\/strong><br><strong>Apoyo Integral para tu Bienestar<\/strong><\/h3>\n\n\n\n<p class=\"has-text-align-left has-mono-2-color has-text-color has-superbfont-small-font-size\">Desde 1967, ALCO, fundada por el Dr. Alberto Cormillot, brinda acompa\u00f1amiento a personas con sobrepeso u obesidad. Ofrecemos grupos de ayuda mutua, presenciales y online, donde compart\u00eds experiencias y recib\u00eds apoyo para mejorar tu salud.<\/p>\n<\/div>\n\n\n\n<div class=\"wp-block-buttons is-content-justification-center is-layout-flex wp-container-core-buttons-is-layout-0be08b07 wp-block-buttons-is-layout-flex\">\n<div class=\"wp-block-button is-style-outline is-style-outline--1\"><a class=\"wp-block-button__link has-superbfont-small-font-size has-text-align-center has-custom-font-size wp-element-button\" href=\"https:\/\/fundacionalco.org\/\" style=\"padding-top:var(--wp--preset--spacing--superbspacing-xsmall);padding-right:var(--wp--preset--spacing--superbspacing-xsmall);padding-bottom:var(--wp--preset--spacing--superbspacing-xsmall);padding-left:var(--wp--preset--spacing--superbspacing-xsmall)\">Conocenos<\/a><\/div>\n\n\n\n<div class=\"wp-block-button\"><a class=\"wp-block-button__link has-superbfont-small-font-size has-custom-font-size wp-element-button\" href=\"https:\/\/wa.me\/5491125045888?text=Hola.%20Soy%20nuevo%20y%20busco%20informaci%C3%B3n.%20Mi%20nombre%20es%3A%20(por%20favor%20escr%C3%ADbenos%20tu%20nombre)\" style=\"padding-top:var(--wp--preset--spacing--superbspacing-xsmall);padding-right:var(--wp--preset--spacing--superbspacing-xsmall);padding-bottom:var(--wp--preset--spacing--superbspacing-xsmall);padding-left:var(--wp--preset--spacing--superbspacing-xsmall)\" target=\"_blank\" rel=\"noreferrer noopener\">Contactanos \u2192<\/a><\/div>\n<\/div>\n<\/div>\n<\/div>\n<\/div>\n\n\n\n<div class=\"wp-block-group alignfull has-mono-4-background-color has-background has-global-padding is-layout-constrained wp-container-core-group-is-layout-7b5e4b56 wp-block-group-is-layout-constrained\" style=\"margin-top:0;margin-bottom:0;padding-top:var(--wp--preset--spacing--superbspacing-medium);padding-right:var(--wp--preset--spacing--superbspacing-small);padding-bottom:var(--wp--preset--spacing--superbspacing-medium);padding-left:var(--wp--preset--spacing--superbspacing-small)\">\n<div class=\"wp-block-group alignwide is-vertical is-content-justification-center is-layout-flex wp-container-core-group-is-layout-4c120eef wp-block-group-is-layout-flex\">\n<h3 class=\"wp-block-heading has-text-align-left has-primary-color has-text-color has-superbfont-small-font-size\"><strong>Historias de Transformaci\u00f3n<\/strong><\/h3>\n\n\n\n<h2 class=\"wp-block-heading has-text-align-center has-contrast-color has-text-color has-superbfont-xlarge-font-size\">Testimonios<\/h2>\n\n\n\n<p class=\"has-text-align-center has-mono-2-color has-text-color has-superbfont-small-font-size\">Conoc\u00e9 las experiencias de quienes transformaron su vida con el apoyo de ALCO. Sus testimonios inspiran y muestran que el cambio es posible, un paso a la vez.<\/p>\n<\/div>\n\n\n\n<div class=\"wp-block-columns alignwide is-layout-flex wp-container-core-columns-is-layout-f9d87e41 wp-block-columns-is-layout-flex\">\n<div class=\"wp-block-column is-vertically-aligned-center is-layout-flow wp-container-core-column-is-layout-db2cb278 wp-block-column-is-layout-flow\">\n<figure class=\"wp-block-image size-large has-custom-border\"><img loading=\"lazy\" decoding=\"async\" width=\"1024\" height=\"1024\" src=\"https:\/\/fundacionalco.org\/iniciaenalco\/wp-content\/uploads\/2024\/10\/karen-1024x1024.jpg\" alt=\"\" class=\"wp-image-158\" style=\"border-radius:8px;object-fit:cover\" srcset=\"https:\/\/fundacionalco.org\/iniciaenalco\/wp-content\/uploads\/2024\/10\/karen-1024x1024.jpg 1024w, https:\/\/fundacionalco.org\/iniciaenalco\/wp-content\/uploads\/2024\/10\/karen-300x300.jpg 300w, https:\/\/fundacionalco.org\/iniciaenalco\/wp-content\/uploads\/2024\/10\/karen-150x150.jpg 150w, https:\/\/fundacionalco.org\/iniciaenalco\/wp-content\/uploads\/2024\/10\/karen-768x768.jpg 768w, https:\/\/fundacionalco.org\/iniciaenalco\/wp-content\/uploads\/2024\/10\/karen-600x600.jpg 600w, https:\/\/fundacionalco.org\/iniciaenalco\/wp-content\/uploads\/2024\/10\/karen-100x100.jpg 100w, https:\/\/fundacionalco.org\/iniciaenalco\/wp-content\/uploads\/2024\/10\/karen.jpg 1200w\" sizes=\"auto, (max-width: 1024px) 100vw, 1024px\" \/><\/figure>\n\n\n\n<div class=\"wp-block-group has-global-padding is-layout-constrained wp-container-core-group-is-layout-85cc789f wp-block-group-is-layout-constrained\">\n<div class=\"wp-block-group has-global-padding is-layout-constrained wp-container-core-group-is-layout-19e250f3 wp-block-group-is-layout-constrained\">\n<h3 class=\"wp-block-heading has-text-align-left has-contrast-color has-text-color has-superbfont-medium-font-size\">Karen<\/h3>\n<\/div>\n\n\n\n<p class=\"has-text-align-left has-mono-2-color has-text-color has-superbfont-xsmall-font-size\" style=\"margin-top:var(--wp--preset--spacing--superbspacing-xxsmall);margin-bottom:var(--wp--preset--spacing--superbspacing-xxsmall)\">En mi paso por ALCO Baj\u00e9 47 kg. ALCO Luj\u00e1n me ense\u00f1\u00f3 a vivir, a disfrutar mis 22 a\u00f1os, a cuidarme y a quererme cada d\u00eda mas.<\/p>\n<\/div>\n<\/div>\n\n\n\n<div class=\"wp-block-column is-vertically-aligned-center is-layout-flow wp-container-core-column-is-layout-db2cb278 wp-block-column-is-layout-flow\">\n<figure class=\"wp-block-image size-large has-custom-border\"><img loading=\"lazy\" decoding=\"async\" width=\"1024\" height=\"1024\" src=\"https:\/\/fundacionalco.org\/iniciaenalco\/wp-content\/uploads\/2024\/10\/laura-1024x1024.jpg\" alt=\"\" class=\"wp-image-159\" style=\"border-radius:8px;object-fit:cover\" srcset=\"https:\/\/fundacionalco.org\/iniciaenalco\/wp-content\/uploads\/2024\/10\/laura-1024x1024.jpg 1024w, https:\/\/fundacionalco.org\/iniciaenalco\/wp-content\/uploads\/2024\/10\/laura-300x300.jpg 300w, https:\/\/fundacionalco.org\/iniciaenalco\/wp-content\/uploads\/2024\/10\/laura-150x150.jpg 150w, https:\/\/fundacionalco.org\/iniciaenalco\/wp-content\/uploads\/2024\/10\/laura-768x768.jpg 768w, https:\/\/fundacionalco.org\/iniciaenalco\/wp-content\/uploads\/2024\/10\/laura-600x600.jpg 600w, https:\/\/fundacionalco.org\/iniciaenalco\/wp-content\/uploads\/2024\/10\/laura-100x100.jpg 100w, https:\/\/fundacionalco.org\/iniciaenalco\/wp-content\/uploads\/2024\/10\/laura.jpg 1200w\" sizes=\"auto, (max-width: 1024px) 100vw, 1024px\" \/><\/figure>\n\n\n\n<div class=\"wp-block-group has-global-padding is-layout-constrained wp-container-core-group-is-layout-85cc789f wp-block-group-is-layout-constrained\">\n<div class=\"wp-block-group has-global-padding is-layout-constrained wp-container-core-group-is-layout-19e250f3 wp-block-group-is-layout-constrained\">\n<h3 class=\"wp-block-heading has-text-align-left has-contrast-color has-text-color has-superbfont-medium-font-size\">Laura<\/h3>\n<\/div>\n\n\n\n<p class=\"has-text-align-left has-mono-2-color has-text-color has-superbfont-xsmall-font-size\" style=\"margin-top:var(--wp--preset--spacing--superbspacing-xxsmall);margin-bottom:var(--wp--preset--spacing--superbspacing-xxsmall)\">Agradecida eternamente con ALCO, me devolvieron las ganas de vivir y me hicieron dar cuenta de todo lo que yo pod\u00eda lograr!!!<\/p>\n<\/div>\n<\/div>\n\n\n\n<div class=\"wp-block-column is-vertically-aligned-center is-layout-flow wp-container-core-column-is-layout-db2cb278 wp-block-column-is-layout-flow\">\n<figure class=\"wp-block-image size-large has-custom-border\"><img loading=\"lazy\" decoding=\"async\" width=\"1024\" height=\"1024\" src=\"https:\/\/fundacionalco.org\/iniciaenalco\/wp-content\/uploads\/2024\/10\/susana-1024x1024.jpg\" alt=\"\" class=\"wp-image-160\" style=\"border-radius:8px;object-fit:cover\" srcset=\"https:\/\/fundacionalco.org\/iniciaenalco\/wp-content\/uploads\/2024\/10\/susana-1024x1024.jpg 1024w, https:\/\/fundacionalco.org\/iniciaenalco\/wp-content\/uploads\/2024\/10\/susana-300x300.jpg 300w, https:\/\/fundacionalco.org\/iniciaenalco\/wp-content\/uploads\/2024\/10\/susana-150x150.jpg 150w, https:\/\/fundacionalco.org\/iniciaenalco\/wp-content\/uploads\/2024\/10\/susana-768x768.jpg 768w, https:\/\/fundacionalco.org\/iniciaenalco\/wp-content\/uploads\/2024\/10\/susana-600x600.jpg 600w, https:\/\/fundacionalco.org\/iniciaenalco\/wp-content\/uploads\/2024\/10\/susana-100x100.jpg 100w, https:\/\/fundacionalco.org\/iniciaenalco\/wp-content\/uploads\/2024\/10\/susana.jpg 1200w\" sizes=\"auto, (max-width: 1024px) 100vw, 1024px\" \/><\/figure>\n\n\n\n<div class=\"wp-block-group has-global-padding is-layout-constrained wp-container-core-group-is-layout-85cc789f wp-block-group-is-layout-constrained\">\n<div class=\"wp-block-group has-global-padding is-layout-constrained wp-container-core-group-is-layout-19e250f3 wp-block-group-is-layout-constrained\">\n<h3 class=\"wp-block-heading has-text-align-left has-contrast-color has-text-color has-superbfont-medium-font-size\">Susana<\/h3>\n<\/div>\n\n\n\n<p class=\"has-text-align-left has-mono-2-color has-text-color has-superbfont-xsmall-font-size\" style=\"margin-top:var(--wp--preset--spacing--superbspacing-xxsmall);margin-bottom:var(--wp--preset--spacing--superbspacing-xxsmall)\">Soy Susana y llevo bajados 38 kg. Gracias a ALCO logr\u00e9 quererme y cuidarme, encontr\u00e9 salud. Hoy no tom\u00f3 ninguna medicaci\u00f3n.<\/p>\n<\/div>\n<\/div>\n<\/div>\n<\/div>\n\n\n\n<div class=\"wp-block-group alignfull has-mono-4-background-color has-background has-global-padding is-layout-constrained wp-container-core-group-is-layout-129f6e7c wp-block-group-is-layout-constrained\" style=\"margin-top:0;margin-bottom:0;padding-top:var(--wp--preset--spacing--superbspacing-large);padding-right:var(--wp--preset--spacing--superbspacing-small);padding-bottom:var(--wp--preset--spacing--superbspacing-large);padding-left:var(--wp--preset--spacing--superbspacing-small)\">\n<div class=\"wp-block-columns alignwide is-layout-flex wp-container-core-columns-is-layout-25593187 wp-block-columns-is-layout-flex\">\n<div class=\"wp-block-column is-vertically-aligned-center is-layout-flow wp-container-core-column-is-layout-a1628350 wp-block-column-is-layout-flow\" style=\"padding-top:0;padding-right:0;padding-bottom:0;padding-left:0\">\n<div class=\"wp-block-group is-layout-flow wp-container-core-group-is-layout-ff697075 wp-block-group-is-layout-flow\">\n<h3 class=\"wp-block-heading has-text-align-left\">QUI\u00c9NES SOMOS<\/h3>\n\n\n\n<p>Fundaci\u00f3n ALCO\u00ae (Asociaci\u00f3n de Lucha contra la Obesidad) es una organizaci\u00f3n sin fines de lucro fundada por el Prof. Dr. Alberto Cormillot en 1967. Desde entonces, brinda apoyo integral a personas que enfrentan desaf\u00edos con el sobrepeso y la obesidad.<\/p>\n\n\n\n<p>Por tratarse de una enfermedad cr\u00f3nica, en ALCO\u00ae trabajamos con responsabilidad, seriedad y respeto para que nuestros participantes conquisten una mejor calidad de vida de la mano de un peso saludable.<\/p>\n\n\n\n<p>Para lograrlo, organizamos grupos de ayuda mutua, tanto presenciales como virtuales, donde aprenden herramientas y recursos dentro de nuestra comunidad terap\u00e9utica y comparten experiencias, fortalezas y esperanzas para superar su problema con el peso y ayudar a otros en su recuperaci\u00f3n.<\/p>\n\n\n\n<h3 class=\"wp-block-heading\">Nuestra Historia<\/h3>\n\n\n\n<p>El doctor Alberto Cormillot conoci\u00f3 Alcoh\u00f3licos An\u00f3nimos (AA) en 1966 y se interes\u00f3 en su enfoque.<\/p>\n\n\n\n<p>A partir de ese momento, se compenetr\u00f3 con su literatura y el funcionamiento de los grupos, observando que el alcoholismo y la obesidad tienen elementos en com\u00fan en ciertos aspectos del desarrollo de la enfermedad y la recuperaci\u00f3n.<\/p>\n\n\n\n<p>As\u00ed comenz\u00f3 a idear una instituci\u00f3n semejante, pero destinada al tratamiento de la obesidad. Para ello, se relacion\u00f3 con H\u00e9ctor Gillighan, fundador de Alcoh\u00f3licos An\u00f3nimos en la Argentina, y Marga L., miembro de AA con varios a\u00f1os de recuperaci\u00f3n.<\/p>\n\n\n\n<p>Con el aporte de ambos, desarroll\u00f3 el primer programa destinado a la obesidad y el 27 de febrero de 1967 convoc\u00f3 -junto a la se\u00f1ora M\u00f3nika Cormillot- a veinte pacientes de su Cl\u00ednica para la primera reuni\u00f3n de grupo.<br>La tarea continu\u00f3 dentro de ese \u00e1mbito hasta que, en junio de 1974, se sugiri\u00f3 a Quique B., uno de sus pacientes que hab\u00eda adelgazado 45 kilos, que llevara la experiencia a los barrios.<\/p>\n\n\n\n<p>El primer grupo fue \u2018San Francisco\u2019, seguido por \u2018San Ignacio\u2019. Posteriormente se formaron otros en el Gran Buenos Aires, las provincias y luego pa\u00edses vecinos como Uruguay y Paraguay, hasta llegar a Espa\u00f1a, Israel y Estados Unidos.<\/p>\n\n\n\n<p>Tiempo despu\u00e9s, gracias a los avances tecnol\u00f3gicos, surgi\u00f3 la posibilidad de estar en contacto con todos los grupos existentes en distintos rincones del pa\u00eds y del mundo para proporcionarles informaci\u00f3n y apoyo a trav\u00e9s de su p\u00e1gina web.<\/p>\n\n\n\n<p>En los \u00faltimos a\u00f1os, otros factores transformaron a la obesidad en una epidemia creciente y llevaron a Fundaci\u00f3n ALCO\u00ae a ampliar su enfoque: el peso de la industria de la alimentaci\u00f3n y el entretenimiento, el marketing, las falsas noticias, los influencers, medicamentos que antes no exist\u00edan y la proliferaci\u00f3n de propuestas diet\u00e9ticas fortalecidas por creencias poco saludables.<\/p>\n\n\n\n<p>En ALCO\u00ae sabemos que el plan \u201cideal\u201d no existe. Por eso construimos el mejor plan posible adaptado al postulado del doctor Pedro Escudero -nuestro gran maestro de la nutrici\u00f3n- y su ley de la adecuaci\u00f3n; porque entendemos que si no nos adecuamos a las creencias, preferencias y posibilidades de cada persona, no lograremos ayudarla.<\/p>\n\n\n\n<p>Este es el principio alrededor del que cimentamos nuestra pr\u00e1ctica, nuestro discurso y nuestra literatura.<\/p>\n\n\n\n<p>Por eso ALCO\u00ae, casi seis d\u00e9cadas despu\u00e9s, sigue siendo la m\u00e1s importante de las instituciones de ayuda mutua en obesidad de habla hispana y una de las m\u00e1s grandes del mundo; y su intensa labor y el apoyo que brinda han sido reconocidos por la Organizaci\u00f3n Mundial para la Salud -OMS- como resultado del trabajo diario y perseverante en la recuperaci\u00f3n del sobrepeso y la obesidad.<\/p>\n\n\n\n<h3 class=\"wp-block-heading\">Misi\u00f3n<\/h3>\n\n\n\n<p>A trav\u00e9s de la ayuda mutua, compartir experiencias, favorecer la superaci\u00f3n personal y el compromiso con uno mismo y con el grupo en un espacio de acompa\u00f1amiento, reflexi\u00f3n y recuperaci\u00f3n destinado a personas que enfrentan desaf\u00edos con su peso, conductas compulsivas con la comida o que buscan mejorar sus h\u00e1bitos de vida.<\/p>\n\n\n\n<h3 class=\"wp-block-heading\">Visi\u00f3n<\/h3>\n\n\n\n<p class=\"has-text-align-left\">Ser una comunidad l\u00edder en el apoyo integral para la recuperaci\u00f3n del sobrepeso y la obesidad, basada en valores como el respeto, la solidaridad, la autonom\u00eda y el servicio, para mejorar la calidad de vida de sus integrantes y promover una vida m\u00e1s saludable para todos.<\/p>\n<\/div>\n\n\n\n<div class=\"wp-block-buttons is-content-justification-center is-layout-flex wp-container-core-buttons-is-layout-0be08b07 wp-block-buttons-is-layout-flex\">\n<div class=\"wp-block-button is-style-outline is-style-outline--2\"><a class=\"wp-block-button__link has-superbfont-small-font-size has-text-align-center has-custom-font-size wp-element-button\" href=\"https:\/\/fundacionalco.org\/\" style=\"padding-top:var(--wp--preset--spacing--superbspacing-xsmall);padding-right:var(--wp--preset--spacing--superbspacing-xsmall);padding-bottom:var(--wp--preset--spacing--superbspacing-xsmall);padding-left:var(--wp--preset--spacing--superbspacing-xsmall)\">Conocenos<\/a><\/div>\n\n\n\n<div class=\"wp-block-button\"><a class=\"wp-block-button__link has-superbfont-small-font-size has-custom-font-size wp-element-button\" href=\"https:\/\/wa.me\/5491125045888?text=Hola.%20Soy%20nuevo%20y%20busco%20informaci%C3%B3n.%20Mi%20nombre%20es%3A%20(por%20favor%20escr%C3%ADbenos%20tu%20nombre)\" style=\"padding-top:var(--wp--preset--spacing--superbspacing-xsmall);padding-right:var(--wp--preset--spacing--superbspacing-xsmall);padding-bottom:var(--wp--preset--spacing--superbspacing-xsmall);padding-left:var(--wp--preset--spacing--superbspacing-xsmall)\" target=\"_blank\" rel=\"noreferrer noopener\">Contactanos \u2192<\/a><\/div>\n<\/div>\n<\/div>\n<\/div>\n<\/div>\n","protected":false},"excerpt":{"rendered":"<p>Fundaci\u00f3n ALCO:Apoyo Integral para tu Bienestar Desde 1967, ALCO, fundada por el Dr. Alberto Cormillot, brinda acompa\u00f1amiento a personas con sobrepeso u obesidad. Ofrecemos grupos de ayuda mutua, presenciales y online, donde compart\u00eds experiencias y recib\u00eds apoyo para mejorar tu salud. Historias de Transformaci\u00f3n Testimonios Conoc\u00e9 las experiencias de quienes transformaron su vida con el [&hellip;]<\/p>\n","protected":false},"author":2,"featured_media":0,"parent":0,"menu_order":0,"comment_status":"closed","ping_status":"closed","template":"","meta":{"footnotes":""},"class_list":["post-431","page","type-page","status-publish","hentry"],"jetpack_sharing_enabled":true,"_links":{"self":[{"href":"https:\/\/fundacionalco.org\/iniciaenalco\/wp-json\/wp\/v2\/pages\/431","targetHints":{"allow":["GET"]}}],"collection":[{"href":"https:\/\/fundacionalco.org\/iniciaenalco\/wp-json\/wp\/v2\/pages"}],"about":[{"href":"https:\/\/fundacionalco.org\/iniciaenalco\/wp-json\/wp\/v2\/types\/page"}],"author":[{"embeddable":true,"href":"https:\/\/fundacionalco.org\/iniciaenalco\/wp-json\/wp\/v2\/users\/2"}],"replies":[{"embeddable":true,"href":"https:\/\/fundacionalco.org\/iniciaenalco\/wp-json\/wp\/v2\/comments?post=431"}],"version-history":[{"count":7,"href":"https:\/\/fundacionalco.org\/iniciaenalco\/wp-json\/wp\/v2\/pages\/431\/revisions"}],"predecessor-version":[{"id":5860,"href":"https:\/\/fundacionalco.org\/iniciaenalco\/wp-json\/wp\/v2\/pages\/431\/revisions\/5860"}],"wp:attachment":[{"href":"https:\/\/fundacionalco.org\/iniciaenalco\/wp-json\/wp\/v2\/media?parent=431"}],"curies":[{"name":"wp","href":"https:\/\/api.w.org\/{rel}","templated":true}]}}